{"id":29452,"date":"2024-04-04T10:18:37","date_gmt":"2024-04-04T10:18:37","guid":{"rendered":"https:\/\/industrie.rstheme.com\/laboratory\/?post_type=product&#038;p=29452"},"modified":"2026-03-23T23:09:01","modified_gmt":"2026-03-23T20:09:01","slug":"konik-maskeleme-tapasi","status":"publish","type":"product","link":"https:\/\/www.ser-plast.com\/?product=konik-maskeleme-tapasi","title":{"rendered":"Konik Maskeleme Tapas\u0131"},"content":{"rendered":"<h2>Konik Maskeleme Tapalar\u0131<\/h2>\n<p>Konik maskeleme tapalar\u0131, y\u00fcksek s\u0131cakl\u0131\u011fa ve asidik kimyasallara dayan\u0131kl\u0131 yap\u0131s\u0131yla<br \/>\ny\u00fczey i\u015flem ve boyahane uygulamalar\u0131nda g\u00fcvenle kullan\u0131lan pratik maskeleme \u00fcr\u00fcnleridir.<br \/>\nKonik formu sayesinde farkl\u0131 \u00e7aplarda deliklerin tek \u00fcr\u00fcnle kapat\u0131lmas\u0131na imk\u00e2n sa\u011flar.<\/p>\n<p>Toz boya, ya\u015f boya ve kataforez uygulamalar\u0131nda ekonomik ve kullan\u0131\u015fl\u0131 bir \u00e7\u00f6z\u00fcm sunar.<br \/>\nAntistatik yap\u0131s\u0131 sayesinde kolay temizlenir, i\u015f\u00e7ilik kayb\u0131n\u0131 azalt\u0131r ve tekrar kullan\u0131labilir.<\/p>\n<ul>\n<li>275\u00b0C\u2019ye ve asidik kimyasallara dayan\u0131kl\u0131d\u0131r.<\/li>\n<li>Defalarca kullan\u0131labilir.<\/li>\n<li>Konik yap\u0131s\u0131 sayesinde farkl\u0131 \u00e7aplarda maskeleme sa\u011flar.<\/li>\n<li>Toz boya, ya\u015f boya ve kataforez uygulamalar\u0131 i\u00e7in uygundur.<\/li>\n<li>Antistatik yap\u0131s\u0131 ile kolay temizlenir.<\/li>\n<li>\u0130\u015f\u00e7ilik kayb\u0131n\u0131 \u00f6nlemeye yard\u0131mc\u0131 olur.<\/li>\n<\/ul>\n<table border=\"1\" cellspacing=\"0\" cellpadding=\"8\">\n<thead>\n<tr>\n<th><span style=\"color: #808080;\">Kod<\/span><\/th>\n<th><span style=\"color: #808080;\">Alt \u00c7ap (\u00d8 mm)<\/span><\/th>\n<th><span style=\"color: #808080;\">\u00dcst \u00c7ap (\u00d8 mm)<\/span><\/th>\n<th><span style=\"color: #808080;\">Uzunluk (mm)<\/span><\/th>\n<th><span style=\"color: #808080;\">Paket Miktar\u0131<\/span><\/th>\n<\/tr>\n<\/thead>\n<tbody>\n<tr>\n<td>SRP 307<\/td>\n<td>3,00<\/td>\n<td>7,00<\/td>\n<td>25,00<\/td>\n<td>1000<\/td>\n<\/tr>\n<tr>\n<td>SRP 510<\/td>\n<td>5,00<\/td>\n<td>10,00<\/td>\n<td>25,00<\/td>\n<td>1000<\/td>\n<\/tr>\n<tr>\n<td>SRP 99 XXL<\/td>\n<td>0,79<\/td>\n<td>3,18<\/td>\n<td>15,88<\/td>\n<td>1000<\/td>\n<\/tr>\n<tr>\n<td>SRP 101<\/td>\n<td>1,59<\/td>\n<td>3,20<\/td>\n<td>15,88<\/td>\n<td>1000<\/td>\n<\/tr>\n<tr>\n<td>SRP 101 XL<\/td>\n<td>1,59<\/td>\n<td>4,76<\/td>\n<td>15,88<\/td>\n<td>1000<\/td>\n<\/tr>\n<tr>\n<td>SRP 102<\/td>\n<td>3,17<\/td>\n<td>6,35<\/td>\n<td>19,05<\/td>\n<td>1000<\/td>\n<\/tr>\n<tr>\n<td>SRP 102 XL<\/td>\n<td>3,17<\/td>\n<td>6,35<\/td>\n<td>25,40<\/td>\n<td>500<\/td>\n<\/tr>\n<tr>\n<td>SRP 103<\/td>\n<td>4,78<\/td>\n<td>8,71<\/td>\n<td>15,88<\/td>\n<td>1000<\/td>\n<\/tr>\n<tr>\n<td>SRP 104 XL<\/td>\n<td>6,35<\/td>\n<td>11,10<\/td>\n<td>25,40<\/td>\n<td>250<\/td>\n<\/tr>\n<tr>\n<td>SRP 105<\/td>\n<td>8,73<\/td>\n<td>11,12<\/td>\n<td>17,48<\/td>\n<td>250<\/td>\n<\/tr>\n<tr>\n<td>SRP 107<\/td>\n<td>9,53<\/td>\n<td>14,23<\/td>\n<td>25,40<\/td>\n<td>250<\/td>\n<\/tr>\n<tr>\n<td>SRP 000XL<\/td>\n<td>7,93<\/td>\n<td>12,70<\/td>\n<td>21,00<\/td>\n<td>250<\/td>\n<\/tr>\n<tr>\n<td>SRP 106 XXL<\/td>\n<td>7,95<\/td>\n<td>14,30<\/td>\n<td>28,58<\/td>\n<td>250<\/td>\n<\/tr>\n<tr>\n<td>SRP 00<\/td>\n<td>10,31<\/td>\n<td>15,06<\/td>\n<td>25,40<\/td>\n<td>250<\/td>\n<\/tr>\n<tr>\n<td>SRP 0<\/td>\n<td>12,70<\/td>\n<td>16,16<\/td>\n<td>25,40<\/td>\n<td>250<\/td>\n<\/tr>\n<tr>\n<td>SRP 1<\/td>\n<td>14,27<\/td>\n<td>19,05<\/td>\n<td>25,40<\/td>\n<td>100<\/td>\n<\/tr>\n<tr>\n<td>SRP 2<\/td>\n<td>15,88<\/td>\n<td>19,83<\/td>\n<td>25,40<\/td>\n<td>100<\/td>\n<\/tr>\n<tr>\n<td>SRP 3<\/td>\n<td>18,24<\/td>\n<td>23,80<\/td>\n<td>25,40<\/td>\n<td>100<\/td>\n<\/tr>\n<tr>\n<td>SRP 4<\/td>\n<td>19,83<\/td>\n<td>25,40<\/td>\n<td>25,40<\/td>\n<td>100<\/td>\n<\/tr>\n<tr>\n<td>SRP 5<\/td>\n<td>23,01<\/td>\n<td>26,97<\/td>\n<td>25,40<\/td>\n<td>100<\/td>\n<\/tr>\n<tr>\n<td>SRP 5,5<\/td>\n<td>23,81<\/td>\n<td>28,00<\/td>\n<td>25,40<\/td>\n<td>100<\/td>\n<\/tr>\n<tr>\n<td>SRP 6<\/td>\n<td>26,16<\/td>\n<td>31,75<\/td>\n<td>25,40<\/td>\n<td>100<\/td>\n<\/tr>\n<tr>\n<td>SRP 6,5<\/td>\n<td>27,00<\/td>\n<td>33,35<\/td>\n<td>25,40<\/td>\n<td>100<\/td>\n<\/tr>\n<tr>\n<td>SRP 7<\/td>\n<td>30,15<\/td>\n<td>36,50<\/td>\n<td>25,40<\/td>\n<td>100<\/td>\n<\/tr>\n<tr>\n<td>SRP 7,5<\/td>\n<td>31,00<\/td>\n<td>39,00<\/td>\n<td>25,40<\/td>\n<td>100<\/td>\n<\/tr>\n<tr>\n<td>SRP 8<\/td>\n<td>33,32<\/td>\n<td>41,27<\/td>\n<td>25,40<\/td>\n<td>100<\/td>\n<\/tr>\n<tr>\n<td>SRP 8,5<\/td>\n<td>36,00<\/td>\n<td>43,00<\/td>\n<td>25,40<\/td>\n<td>50<\/td>\n<\/tr>\n<tr>\n<td>SRP 9<\/td>\n<td>37,29<\/td>\n<td>44,45<\/td>\n<td>25,40<\/td>\n<td>50<\/td>\n<\/tr>\n<tr>\n<td>SRP 9,5<\/td>\n<td>38,00<\/td>\n<td>46,00<\/td>\n<td>25,40<\/td>\n<td>50<\/td>\n<\/tr>\n<tr>\n<td>SRP 10<\/td>\n<td>41,28<\/td>\n<td>50,00<\/td>\n<td>25,40<\/td>\n<td>50<\/td>\n<\/tr>\n<tr>\n<td>SRP 10,5<\/td>\n<td>44,45<\/td>\n<td>53,00<\/td>\n<td>25,40<\/td>\n<td>50<\/td>\n<\/tr>\n<tr>\n<td>SRP 11<\/td>\n<td>47,63<\/td>\n<td>55,96<\/td>\n<td>25,40<\/td>\n<td>50<\/td>\n<\/tr>\n<tr>\n<td>SRP 11 XL<\/td>\n<td>50,00<\/td>\n<td>63,00<\/td>\n<td>25,40<\/td>\n<td>50<\/td>\n<\/tr>\n<tr>\n<td>SRP 12<\/td>\n<td>54,00<\/td>\n<td>63,50<\/td>\n<td>25,40<\/td>\n<td>50<\/td>\n<\/tr>\n<tr>\n<td>SRP 13<\/td>\n<td>57,00<\/td>\n<td>68,00<\/td>\n<td>25,40<\/td>\n<td>25<\/td>\n<\/tr>\n<tr>\n<td>SRP 13,5<\/td>\n<td>62,00<\/td>\n<td>75,00<\/td>\n<td>35,00<\/td>\n<td>25<\/td>\n<\/tr>\n<tr>\n<td>SRP 14<\/td>\n<td>76,20<\/td>\n<td>88,90<\/td>\n<td>38,10<\/td>\n<td>25<\/td>\n<\/tr>\n<tr>\n<td>SRP 16<\/td>\n<td>88,90<\/td>\n<td>127,00<\/td>\n<td>50,80<\/td>\n<td>25<\/td>\n<\/tr>\n<\/tbody>\n<\/table>\n","protected":false},"excerpt":{"rendered":"<p>Farkl\u0131 \u00e7aplardaki deliklerin kapat\u0131lmas\u0131 i\u00e7in kullan\u0131lan, y\u00fcksek s\u0131cakl\u0131\u011fa dayan\u0131kl\u0131 silikon konik maskeleme tapas\u0131d\u0131r. Toz boya ve kaplama i\u015flemlerinde g\u00fcvenli kullan\u0131m sa\u011flar.<\/p>\n","protected":false},"featured_media":30634,"template":"","meta":[],"product_brand":[],"product_cat":[69],"product_tag":[78,79,82,77,74,75,83,76,81,80],"class_list":{"0":"post-29452","1":"product","2":"type-product","3":"status-publish","4":"has-post-thumbnail","6":"product_cat-maskeleme-tapalari","7":"product_tag-boya-maskeleme","8":"product_tag-delik-kapatma","9":"product_tag-endustriyel-maskeleme","10":"product_tag-konik-silikon-tapa","11":"product_tag-konik-tapa","12":"product_tag-maskeleme-tapasi","13":"product_tag-silikon-maskeleme-urunu","14":"product_tag-silikon-tapa","15":"product_tag-toz-boya-tapasi","16":"product_tag-yuksek-sicaklik-tapa","18":"first","19":"instock","20":"shipping-taxable","21":"product-type-simple"},"_links":{"self":[{"href":"https:\/\/www.ser-plast.com\/index.php?rest_route=\/wp\/v2\/product\/29452","targetHints":{"allow":["GET"]}}],"collection":[{"href":"https:\/\/www.ser-plast.com\/index.php?rest_route=\/wp\/v2\/product"}],"about":[{"href":"https:\/\/www.ser-plast.com\/index.php?rest_route=\/wp\/v2\/types\/product"}],"wp:featuredmedia":[{"embeddable":true,"href":"https:\/\/www.ser-plast.com\/index.php?rest_route=\/wp\/v2\/media\/30634"}],"wp:attachment":[{"href":"https:\/\/www.ser-plast.com\/index.php?rest_route=%2Fwp%2Fv2%2Fmedia&parent=29452"}],"wp:term":[{"taxonomy":"product_brand","embeddable":true,"href":"https:\/\/www.ser-plast.com\/index.php?rest_route=%2Fwp%2Fv2%2Fproduct_brand&post=29452"},{"taxonomy":"product_cat","embeddable":true,"href":"https:\/\/www.ser-plast.com\/index.php?rest_route=%2Fwp%2Fv2%2Fproduct_cat&post=29452"},{"taxonomy":"product_tag","embeddable":true,"href":"https:\/\/www.ser-plast.com\/index.php?rest_route=%2Fwp%2Fv2%2Fproduct_tag&post=29452"}],"curies":[{"name":"wp","href":"https:\/\/api.w.org\/{rel}","templated":true}]}}