{"id":40001,"date":"2026-03-22T14:58:56","date_gmt":"2026-03-22T14:58:56","guid":{"rendered":"https:\/\/www.ser-plast.com\/?post_type=product&#038;p=40001"},"modified":"2026-03-22T23:27:53","modified_gmt":"2026-03-22T20:27:53","slug":"flansli-konik-tapa","status":"publish","type":"product","link":"https:\/\/www.ser-plast.com\/?product=flansli-konik-tapa","title":{"rendered":"Flan\u015fl\u0131 Konik Tapa"},"content":{"rendered":"<h2>Flan\u015fl\u0131 Konik Tapalar<\/h2>\n<p>Flan\u015fl\u0131 konik tapalar, hav\u015fal\u0131 deliklerin tamam\u0131n\u0131 maskelemek i\u00e7in tasarlanm\u0131\u015f, y\u00fcksek s\u0131cakl\u0131\u011fa ve kimyasallara dayan\u0131kl\u0131 maskeleme \u00fcr\u00fcnleridir. Flan\u015f yap\u0131s\u0131 sayesinde delik giri\u015fini tam olarak kapat\u0131r ve boya s\u0131zmas\u0131n\u0131 \u00f6nler.<\/p>\n<ul>\n<li>Hav\u015fal\u0131 deliklerin tamam\u0131n\u0131 maskelemek i\u00e7in kullan\u0131l\u0131r.<\/li>\n<li>275\u00b0C&#8217;ye ve asidik kimyasallara dayan\u0131kl\u0131d\u0131r.<\/li>\n<li>Defalarca kullan\u0131labilir.<\/li>\n<li>Toz boya, ya\u015f boya ve kataforez i\u015flemleri i\u00e7in ekonomik \u00e7\u00f6z\u00fcmd\u00fcr.<\/li>\n<li>Antistatik yap\u0131s\u0131yla kolay temizlenir, i\u015f\u00e7ilik kayb\u0131n\u0131 \u00f6nler.<\/li>\n<\/ul>\n<table border=\"1\" cellspacing=\"0\" cellpadding=\"8\">\n<thead>\n<tr>\n<th><span style=\"color: #808080;\">Kod<\/span><\/th>\n<th><span style=\"color: #808080;\">A (mm)<\/span><\/th>\n<th><span style=\"color: #808080;\">B (mm)<\/span><\/th>\n<th><span style=\"color: #808080;\">H (mm)<\/span><\/th>\n<th><span style=\"color: #808080;\">ID (mm)<\/span><\/th>\n<th><span style=\"color: #808080;\">Paket Miktar\u0131<\/span><\/th>\n<\/tr>\n<\/thead>\n<tbody>\n<tr>\n<td>SRY 250\u2013130<\/td>\n<td>12,70<\/td>\n<td>6,35<\/td>\n<td>23,00<\/td>\n<td>3,30<\/td>\n<td>500<\/td>\n<\/tr>\n<tr>\n<td>SRY 335\u2013177<\/td>\n<td>15,90<\/td>\n<td>8,51<\/td>\n<td>25,40<\/td>\n<td>4,50<\/td>\n<td>500<\/td>\n<\/tr>\n<tr>\n<td>SRY 400\u2013230<\/td>\n<td>16,10<\/td>\n<td>10,16<\/td>\n<td>27,90<\/td>\n<td>5,80<\/td>\n<td>250<\/td>\n<\/tr>\n<tr>\n<td>SRY 551\u2013315<\/td>\n<td>19,10<\/td>\n<td>14,00<\/td>\n<td>36,00<\/td>\n<td>8,00<\/td>\n<td>250<\/td>\n<\/tr>\n<tr>\n<td>SRY 689\u2013453<\/td>\n<td>24,90<\/td>\n<td>17,50<\/td>\n<td>38,10<\/td>\n<td>11,50<\/td>\n<td>250<\/td>\n<\/tr>\n<tr>\n<td>SRY 767\u2013532<\/td>\n<td>27,90<\/td>\n<td>19,48<\/td>\n<td>51,00<\/td>\n<td>13,50<\/td>\n<td>100<\/td>\n<\/tr>\n<\/tbody>\n<\/table>\n<p>&nbsp;<\/p>\n","protected":false},"excerpt":{"rendered":"<p>Hav\u015fal\u0131 delikleri tam olarak kapatan flan\u015fl\u0131 konik tapa. 275\u00b0C&#8217;ye dayan\u0131kl\u0131, defalarca kullan\u0131labilir. Toz boya, ya\u015f boya ve kataforez i\u015flemleri i\u00e7in uygundur.<\/p>\n","protected":false},"featured_media":40100,"template":"","meta":[],"product_brand":[],"product_cat":[69],"product_tag":[78,82,84,85,75,76],"class_list":{"0":"post-40001","1":"product","2":"type-product","3":"status-publish","4":"has-post-thumbnail","6":"product_cat-maskeleme-tapalari","7":"product_tag-boya-maskeleme","8":"product_tag-endustriyel-maskeleme","9":"product_tag-flansli-konik-tapa","10":"product_tag-havsali-delik-maskeleme","11":"product_tag-maskeleme-tapasi","12":"product_tag-silikon-tapa","14":"first","15":"instock","16":"shipping-taxable","17":"product-type-simple"},"_links":{"self":[{"href":"https:\/\/www.ser-plast.com\/index.php?rest_route=\/wp\/v2\/product\/40001","targetHints":{"allow":["GET"]}}],"collection":[{"href":"https:\/\/www.ser-plast.com\/index.php?rest_route=\/wp\/v2\/product"}],"about":[{"href":"https:\/\/www.ser-plast.com\/index.php?rest_route=\/wp\/v2\/types\/product"}],"wp:featuredmedia":[{"embeddable":true,"href":"https:\/\/www.ser-plast.com\/index.php?rest_route=\/wp\/v2\/media\/40100"}],"wp:attachment":[{"href":"https:\/\/www.ser-plast.com\/index.php?rest_route=%2Fwp%2Fv2%2Fmedia&parent=40001"}],"wp:term":[{"taxonomy":"product_brand","embeddable":true,"href":"https:\/\/www.ser-plast.com\/index.php?rest_route=%2Fwp%2Fv2%2Fproduct_brand&post=40001"},{"taxonomy":"product_cat","embeddable":true,"href":"https:\/\/www.ser-plast.com\/index.php?rest_route=%2Fwp%2Fv2%2Fproduct_cat&post=40001"},{"taxonomy":"product_tag","embeddable":true,"href":"https:\/\/www.ser-plast.com\/index.php?rest_route=%2Fwp%2Fv2%2Fproduct_tag&post=40001"}],"curies":[{"name":"wp","href":"https:\/\/api.w.org\/{rel}","templated":true}]}}