{"id":40002,"date":"2026-03-22T14:58:56","date_gmt":"2026-03-22T14:58:56","guid":{"rendered":"https:\/\/www.ser-plast.com\/?post_type=product&#038;p=40002"},"modified":"2026-03-22T23:38:35","modified_gmt":"2026-03-22T20:38:35","slug":"flansli-sapka","status":"publish","type":"product","link":"https:\/\/www.ser-plast.com\/?product=flansli-sapka","title":{"rendered":"Flan\u015fl\u0131 \u015eapka"},"content":{"rendered":"<h2>Flan\u015fl\u0131 \u015eapka<\/h2>\n<p>Flan\u015fl\u0131 \u015fapkalar, c\u0131vata, saplama, boru ve milleri maskelemek i\u00e7in tasarlanm\u0131\u015f, y\u00fcksek s\u0131cakl\u0131\u011fa ve kimyasallara dayan\u0131kl\u0131 maskeleme \u00fcr\u00fcnleridir. Flan\u015f yap\u0131s\u0131 sayesinde y\u00fczeye tam oturur ve boya s\u0131zmas\u0131n\u0131 \u00f6nler.<\/p>\n<ul>\n<li>C\u0131vata, saplama, boru ve milleri maskelemek i\u00e7in kullan\u0131l\u0131r.<\/li>\n<li>275\u00b0C&#8217;ye ve asidik kimyasallara dayan\u0131kl\u0131d\u0131r.<\/li>\n<li>Defalarca kullan\u0131labilir.<\/li>\n<li>Toz boya, ya\u015f boya ve kataforez i\u015flemleri i\u00e7in ekonomik \u00e7\u00f6z\u00fcmd\u00fcr.<\/li>\n<li>Antistatik yap\u0131s\u0131yla kolay temizlenir, i\u015f\u00e7ilik kayb\u0131n\u0131 \u00f6nler.<\/li>\n<\/ul>\n<table border=\"1\" cellspacing=\"0\" cellpadding=\"8\">\n<thead>\n<tr>\n<th><span style=\"color: #808080;\">Kod<\/span><\/th>\n<th><span style=\"color: #808080;\">A (mm)<\/span><\/th>\n<th><span style=\"color: #808080;\">B (mm)<\/span><\/th>\n<th><span style=\"color: #808080;\">C (mm)<\/span><\/th>\n<th><span style=\"color: #808080;\">L (mm)<\/span><\/th>\n<th><span style=\"color: #808080;\">Paket Miktar\u0131<\/span><\/th>\n<\/tr>\n<\/thead>\n<tbody>\n<tr>\n<td>SRT-125-2000<\/td>\n<td>3,18<\/td>\n<td>16,51<\/td>\n<td>6,35<\/td>\n<td>50,80<\/td>\n<td>250<\/td>\n<\/tr>\n<tr>\n<td>SRT-157-1180<\/td>\n<td>3,99<\/td>\n<td>17,32<\/td>\n<td>7,16<\/td>\n<td>30,00<\/td>\n<td>250<\/td>\n<\/tr>\n<tr>\n<td>SRT-180-2000<\/td>\n<td>4,57<\/td>\n<td>17,91<\/td>\n<td>7,75<\/td>\n<td>50,80<\/td>\n<td>250<\/td>\n<\/tr>\n<tr>\n<td>SRT-236-1180<\/td>\n<td>5,99<\/td>\n<td>19,33<\/td>\n<td>9,17<\/td>\n<td>29,97<\/td>\n<td>250<\/td>\n<\/tr>\n<tr>\n<td>SRT-275-1180<\/td>\n<td>6,99<\/td>\n<td>20,32<\/td>\n<td>10,16<\/td>\n<td>29,97<\/td>\n<td>250<\/td>\n<\/tr>\n<tr>\n<td>SRT-294-1330<\/td>\n<td>7,47<\/td>\n<td>20,80<\/td>\n<td>10,84<\/td>\n<td>33,78<\/td>\n<td>250<\/td>\n<\/tr>\n<tr>\n<td>SRT-315-974<\/td>\n<td>8,00<\/td>\n<td>21,34<\/td>\n<td>11,18<\/td>\n<td>24,74<\/td>\n<td>250<\/td>\n<\/tr>\n<tr>\n<td>SRT-375-1421<\/td>\n<td>9,53<\/td>\n<td>22,86<\/td>\n<td>12,70<\/td>\n<td>36,09<\/td>\n<td>250<\/td>\n<\/tr>\n<\/tbody>\n<\/table>\n<p>&nbsp;<\/p>\n","protected":false},"excerpt":{"rendered":"<p>C\u0131vata, saplama, boru ve milleri maskeleyen flan\u015fl\u0131 \u015fapka. 275\u00b0C&#8217;ye dayan\u0131kl\u0131, defalarca kullan\u0131labilir. Toz boya, ya\u015f boya ve kataforez i\u015flemleri i\u00e7in uygundur.<\/p>\n","protected":false},"featured_media":40106,"template":"","meta":[],"product_brand":[],"product_cat":[70],"product_tag":[90,89,82,86,87,88],"class_list":{"0":"post-40002","1":"product","2":"type-product","3":"status-publish","4":"has-post-thumbnail","6":"product_cat-maskeleme-sapkalari","7":"product_tag-boru-maskeleme","8":"product_tag-civata-koruma","9":"product_tag-endustriyel-maskeleme","10":"product_tag-flansli-sapka","11":"product_tag-maskeleme-sapkasi","12":"product_tag-silikon-sapka","14":"first","15":"instock","16":"shipping-taxable","17":"product-type-simple"},"_links":{"self":[{"href":"https:\/\/www.ser-plast.com\/index.php?rest_route=\/wp\/v2\/product\/40002","targetHints":{"allow":["GET"]}}],"collection":[{"href":"https:\/\/www.ser-plast.com\/index.php?rest_route=\/wp\/v2\/product"}],"about":[{"href":"https:\/\/www.ser-plast.com\/index.php?rest_route=\/wp\/v2\/types\/product"}],"wp:featuredmedia":[{"embeddable":true,"href":"https:\/\/www.ser-plast.com\/index.php?rest_route=\/wp\/v2\/media\/40106"}],"wp:attachment":[{"href":"https:\/\/www.ser-plast.com\/index.php?rest_route=%2Fwp%2Fv2%2Fmedia&parent=40002"}],"wp:term":[{"taxonomy":"product_brand","embeddable":true,"href":"https:\/\/www.ser-plast.com\/index.php?rest_route=%2Fwp%2Fv2%2Fproduct_brand&post=40002"},{"taxonomy":"product_cat","embeddable":true,"href":"https:\/\/www.ser-plast.com\/index.php?rest_route=%2Fwp%2Fv2%2Fproduct_cat&post=40002"},{"taxonomy":"product_tag","embeddable":true,"href":"https:\/\/www.ser-plast.com\/index.php?rest_route=%2Fwp%2Fv2%2Fproduct_tag&post=40002"}],"curies":[{"name":"wp","href":"https:\/\/api.w.org\/{rel}","templated":true}]}}