{"id":40003,"date":"2026-03-22T14:58:56","date_gmt":"2026-03-22T14:58:56","guid":{"rendered":"https:\/\/www.ser-plast.com\/?post_type=product&#038;p=40003"},"modified":"2026-03-22T23:43:05","modified_gmt":"2026-03-22T20:43:05","slug":"maskeleme-sapkasi","status":"publish","type":"product","link":"https:\/\/www.ser-plast.com\/?product=maskeleme-sapkasi","title":{"rendered":"Maskeleme \u015eapkas\u0131"},"content":{"rendered":"<h2>Maskeleme \u015eapkalar\u0131 \/ Masking Hats<\/h2>\n<p>Maskeleme \u015fapkalar\u0131, c\u0131vata, saplama, mil ve borular\u0131n maskelenmesinde kullan\u0131lan, y\u00fcksek s\u0131cakl\u0131\u011fa ve kimyasallara dayan\u0131kl\u0131 pratik maskeleme \u00fcr\u00fcnleridir. Geni\u015f boyut yelpazesiyle farkl\u0131 \u00e7aplardaki uygulamalar i\u00e7in ekonomik ve kullan\u0131\u015fl\u0131 \u00e7\u00f6z\u00fcm sunar.<\/p>\n<ul>\n<li>275\u00b0C&#8217;ye ve asidik kimyasallara dayan\u0131kl\u0131d\u0131r.<\/li>\n<li>Defalarca kullan\u0131labilir.<\/li>\n<li>C\u0131vata, saplama, mil ve borular\u0131n maskelenmesinde kullan\u0131l\u0131r.<\/li>\n<li>Toz boya, ya\u015f boya ve kataforez i\u00e7in ekonomik ve pratik bir \u00e7\u00f6z\u00fcmd\u00fcr.<\/li>\n<li>Antistatik yap\u0131s\u0131yla kolay temizlenir, i\u015f\u00e7ilik kayb\u0131n\u0131 \u00f6nler.<\/li>\n<\/ul>\n<table border=\"1\" cellspacing=\"0\" cellpadding=\"8\">\n<thead>\n<tr>\n<th><span style=\"color: #808080;\">Kod<\/span><\/th>\n<th><span style=\"color: #808080;\">\u0130\u00e7 \u00c7ap (\u00d8 mm)<\/span><\/th>\n<th><span style=\"color: #808080;\">D\u0131\u015f \u00c7ap (\u00d8 mm)<\/span><\/th>\n<th><span style=\"color: #808080;\">Uzunluk (mm)<\/span><\/th>\n<th><span style=\"color: #808080;\">Paket Miktar\u0131<\/span><\/th>\n<\/tr>\n<\/thead>\n<tbody>\n<tr>\n<td>SR 070-1000<\/td>\n<td>1,78<\/td>\n<td>4,32<\/td>\n<td>25,40<\/td>\n<td>1000<\/td>\n<\/tr>\n<tr>\n<td>SR 100-1000<\/td>\n<td>2,54<\/td>\n<td>5,08<\/td>\n<td>25,40<\/td>\n<td>1000<\/td>\n<\/tr>\n<tr>\n<td>SR 148-0500<\/td>\n<td>3,76<\/td>\n<td>6,10<\/td>\n<td>12,70<\/td>\n<td>1000<\/td>\n<\/tr>\n<tr>\n<td>SR 148-1000<\/td>\n<td>3,76<\/td>\n<td>6,10<\/td>\n<td>25,40<\/td>\n<td>1000<\/td>\n<\/tr>\n<tr>\n<td>SR 148-1500<\/td>\n<td>3,76<\/td>\n<td>6,10<\/td>\n<td>38,10<\/td>\n<td>500<\/td>\n<\/tr>\n<tr>\n<td>SR 187-0500<\/td>\n<td>4,75<\/td>\n<td>8,00<\/td>\n<td>12,70<\/td>\n<td>1000<\/td>\n<\/tr>\n<tr>\n<td>SR 187-1000<\/td>\n<td>4,75<\/td>\n<td>8,00<\/td>\n<td>25,40<\/td>\n<td>1000<\/td>\n<\/tr>\n<tr>\n<td>SR 187-1500<\/td>\n<td>4,75<\/td>\n<td>8,00<\/td>\n<td>38,10<\/td>\n<td>500<\/td>\n<\/tr>\n<tr>\n<td>SR 223-500<\/td>\n<td>5,66<\/td>\n<td>8,76<\/td>\n<td>12,70<\/td>\n<td>500<\/td>\n<\/tr>\n<tr>\n<td>SR 223-1000<\/td>\n<td>5,66<\/td>\n<td>8,76<\/td>\n<td>25,40<\/td>\n<td>500<\/td>\n<\/tr>\n<tr>\n<td>SR 223-1500<\/td>\n<td>5,66<\/td>\n<td>8,76<\/td>\n<td>38,10<\/td>\n<td>500<\/td>\n<\/tr>\n<tr>\n<td>SR 223-2165<\/td>\n<td>5,66<\/td>\n<td>8,76<\/td>\n<td>55,00<\/td>\n<td>250<\/td>\n<\/tr>\n<tr>\n<td>SR 250-1000<\/td>\n<td>6,16<\/td>\n<td>9,39<\/td>\n<td>25,40<\/td>\n<td>500<\/td>\n<\/tr>\n<tr>\n<td>SR 295-0500<\/td>\n<td>7,49<\/td>\n<td>10,50<\/td>\n<td>12,70<\/td>\n<td>500<\/td>\n<\/tr>\n<tr>\n<td>SR 295-1000<\/td>\n<td>7,49<\/td>\n<td>10,50<\/td>\n<td>25,40<\/td>\n<td>500<\/td>\n<\/tr>\n<tr>\n<td>SR 295-1500<\/td>\n<td>7,49<\/td>\n<td>10,50<\/td>\n<td>38,10<\/td>\n<td>500<\/td>\n<\/tr>\n<tr>\n<td>SR 295-2165<\/td>\n<td>7,49<\/td>\n<td>10,50<\/td>\n<td>55,00<\/td>\n<td>250<\/td>\n<\/tr>\n<tr>\n<td>SR 312-1000<\/td>\n<td>7,92<\/td>\n<td>10,96<\/td>\n<td>25,40<\/td>\n<td>500<\/td>\n<\/tr>\n<tr>\n<td>SR 312-1500<\/td>\n<td>7,92<\/td>\n<td>10,96<\/td>\n<td>38,10<\/td>\n<td>500<\/td>\n<\/tr>\n<tr>\n<td>SR 355-1500<\/td>\n<td>9,00<\/td>\n<td>12,25<\/td>\n<td>38,10<\/td>\n<td>250<\/td>\n<\/tr>\n<tr>\n<td>SR 375-1000<\/td>\n<td>9,52<\/td>\n<td>12,82<\/td>\n<td>25,40<\/td>\n<td>500<\/td>\n<\/tr>\n<tr>\n<td>SR 375-1500<\/td>\n<td>9,52<\/td>\n<td>12,82<\/td>\n<td>38,10<\/td>\n<td>500<\/td>\n<\/tr>\n<tr>\n<td>SR 375-2165<\/td>\n<td>9,52<\/td>\n<td>12,82<\/td>\n<td>55,00<\/td>\n<td>250<\/td>\n<\/tr>\n<tr>\n<td>SR 406-1000<\/td>\n<td>10,31<\/td>\n<td>13,35<\/td>\n<td>25,40<\/td>\n<td>500<\/td>\n<\/tr>\n<tr>\n<td>SR 406-1500<\/td>\n<td>10,31<\/td>\n<td>13,35<\/td>\n<td>38,10<\/td>\n<td>500<\/td>\n<\/tr>\n<tr>\n<td>SR 456-1500<\/td>\n<td>11,58<\/td>\n<td>14,76<\/td>\n<td>38,10<\/td>\n<td>500<\/td>\n<\/tr>\n<tr>\n<td>SR 456-2165<\/td>\n<td>11,58<\/td>\n<td>14,76<\/td>\n<td>55,00<\/td>\n<td>250<\/td>\n<\/tr>\n<tr>\n<td>SR 500-1500<\/td>\n<td>12,70<\/td>\n<td>15,90<\/td>\n<td>38,10<\/td>\n<td>250<\/td>\n<\/tr>\n<tr>\n<td>SR 535-1500<\/td>\n<td>13,59<\/td>\n<td>16,90<\/td>\n<td>38,10<\/td>\n<td>250<\/td>\n<\/tr>\n<tr>\n<td>SR 562-1500<\/td>\n<td>14,25<\/td>\n<td>17,35<\/td>\n<td>38,10<\/td>\n<td>250<\/td>\n<\/tr>\n<tr>\n<td>SR 600-1500<\/td>\n<td>15,24<\/td>\n<td>18,29<\/td>\n<td>38,10<\/td>\n<td>250<\/td>\n<\/tr>\n<tr>\n<td>SR 625-1500<\/td>\n<td>15,87<\/td>\n<td>19,05<\/td>\n<td>38,10<\/td>\n<td>250<\/td>\n<\/tr>\n<tr>\n<td>SR 687-1500<\/td>\n<td>17,45<\/td>\n<td>20,49<\/td>\n<td>38,10<\/td>\n<td>250<\/td>\n<\/tr>\n<tr>\n<td>SR 730-1500<\/td>\n<td>18,54<\/td>\n<td>21,58<\/td>\n<td>38,10<\/td>\n<td>250<\/td>\n<\/tr>\n<tr>\n<td>SR 750-1500<\/td>\n<td>19,05<\/td>\n<td>22,22<\/td>\n<td>38,10<\/td>\n<td>250<\/td>\n<\/tr>\n<tr>\n<td>SR 750-2000<\/td>\n<td>19,05<\/td>\n<td>22,22<\/td>\n<td>50,00<\/td>\n<td>250<\/td>\n<\/tr>\n<tr>\n<td>SR 812-1500<\/td>\n<td>20,82<\/td>\n<td>23,82<\/td>\n<td>38,10<\/td>\n<td>250<\/td>\n<\/tr>\n<tr>\n<td>SR 875-1500<\/td>\n<td>22,23<\/td>\n<td>25,27<\/td>\n<td>38,10<\/td>\n<td>250<\/td>\n<\/tr>\n<tr>\n<td>SR 937-1500<\/td>\n<td>23,80<\/td>\n<td>26,90<\/td>\n<td>38,10<\/td>\n<td>100<\/td>\n<\/tr>\n<tr>\n<td>SR 970-1500<\/td>\n<td>24,84<\/td>\n<td>27,68<\/td>\n<td>38,10<\/td>\n<td>100<\/td>\n<\/tr>\n<tr>\n<td>SR 1000-1500<\/td>\n<td>25,40<\/td>\n<td>28,44<\/td>\n<td>38,10<\/td>\n<td>100<\/td>\n<\/tr>\n<tr>\n<td>SR 1062-1500<\/td>\n<td>26,97<\/td>\n<td>30,01<\/td>\n<td>38,10<\/td>\n<td>100<\/td>\n<\/tr>\n<tr>\n<td>SR 1125-1500<\/td>\n<td>28,58<\/td>\n<td>31,62<\/td>\n<td>38,10<\/td>\n<td>100<\/td>\n<\/tr>\n<tr>\n<td>SR 1187-1500<\/td>\n<td>30,15<\/td>\n<td>33,20<\/td>\n<td>38,10<\/td>\n<td>100<\/td>\n<\/tr>\n<tr>\n<td>SR 1250-1500<\/td>\n<td>31,75<\/td>\n<td>34,85<\/td>\n<td>38,10<\/td>\n<td>100<\/td>\n<\/tr>\n<tr>\n<td>SR 1380-1500<\/td>\n<td>35,05<\/td>\n<td>38,10<\/td>\n<td>38,10<\/td>\n<td>100<\/td>\n<\/tr>\n<tr>\n<td>SR 1500-1000<\/td>\n<td>38,10<\/td>\n<td>41,14<\/td>\n<td>25,40<\/td>\n<td>100<\/td>\n<\/tr>\n<tr>\n<td>SR 1625-1500<\/td>\n<td>41,28<\/td>\n<td>44,33<\/td>\n<td>38,10<\/td>\n<td>100<\/td>\n<\/tr>\n<tr>\n<td>SR 1625-2000<\/td>\n<td>41,28<\/td>\n<td>44,33<\/td>\n<td>50,00<\/td>\n<td>100<\/td>\n<\/tr>\n<tr>\n<td>SR 1750-1500<\/td>\n<td>44,45<\/td>\n<td>47,49<\/td>\n<td>38,10<\/td>\n<td>100<\/td>\n<\/tr>\n<tr>\n<td>SR 1750-2000<\/td>\n<td>44,45<\/td>\n<td>47,49<\/td>\n<td>50,00<\/td>\n<td>100<\/td>\n<\/tr>\n<tr>\n<td>SR 1875-2000<\/td>\n<td>47,63<\/td>\n<td>50,80<\/td>\n<td>50,00<\/td>\n<td>100<\/td>\n<\/tr>\n<tr>\n<td>SR 2000-2000<\/td>\n<td>50,80<\/td>\n<td>53,84<\/td>\n<td>50,00<\/td>\n<td>100<\/td>\n<\/tr>\n<\/tbody>\n<\/table>\n","protected":false},"excerpt":{"rendered":"<p>C\u0131vata, saplama, mil ve borular\u0131 maskeleyen silikon \u015fapka. 275\u00b0C&#8217;ye dayan\u0131kl\u0131, defalarca kullan\u0131labilir. Toz boya, ya\u015f boya ve kataforez i\u015flemleri i\u00e7in uygundur.<\/p>\n","protected":false},"featured_media":40110,"template":"","meta":[],"product_brand":[],"product_cat":[70],"product_tag":[91,82,87,88,93,92],"class_list":{"0":"post-40003","1":"product","2":"type-product","3":"status-publish","4":"has-post-thumbnail","6":"product_cat-maskeleme-sapkalari","7":"product_tag-boru-koruma","8":"product_tag-endustriyel-maskeleme","9":"product_tag-maskeleme-sapkasi","10":"product_tag-silikon-sapka","11":"product_tag-toz-boya-sapkasi","12":"product_tag-vida-koruma","14":"first","15":"instock","16":"shipping-taxable","17":"product-type-simple"},"_links":{"self":[{"href":"https:\/\/www.ser-plast.com\/index.php?rest_route=\/wp\/v2\/product\/40003","targetHints":{"allow":["GET"]}}],"collection":[{"href":"https:\/\/www.ser-plast.com\/index.php?rest_route=\/wp\/v2\/product"}],"about":[{"href":"https:\/\/www.ser-plast.com\/index.php?rest_route=\/wp\/v2\/types\/product"}],"wp:featuredmedia":[{"embeddable":true,"href":"https:\/\/www.ser-plast.com\/index.php?rest_route=\/wp\/v2\/media\/40110"}],"wp:attachment":[{"href":"https:\/\/www.ser-plast.com\/index.php?rest_route=%2Fwp%2Fv2%2Fmedia&parent=40003"}],"wp:term":[{"taxonomy":"product_brand","embeddable":true,"href":"https:\/\/www.ser-plast.com\/index.php?rest_route=%2Fwp%2Fv2%2Fproduct_brand&post=40003"},{"taxonomy":"product_cat","embeddable":true,"href":"https:\/\/www.ser-plast.com\/index.php?rest_route=%2Fwp%2Fv2%2Fproduct_cat&post=40003"},{"taxonomy":"product_tag","embeddable":true,"href":"https:\/\/www.ser-plast.com\/index.php?rest_route=%2Fwp%2Fv2%2Fproduct_tag&post=40003"}],"curies":[{"name":"wp","href":"https:\/\/api.w.org\/{rel}","templated":true}]}}