{"id":40006,"date":"2026-03-22T14:58:56","date_gmt":"2026-03-22T14:58:56","guid":{"rendered":"https:\/\/www.ser-plast.com\/?post_type=product&#038;p=40006"},"modified":"2026-03-22T23:56:20","modified_gmt":"2026-03-22T20:56:20","slug":"flansli-kulplu-maskeleme-tapasi","status":"publish","type":"product","link":"https:\/\/www.ser-plast.com\/?product=flansli-kulplu-maskeleme-tapasi","title":{"rendered":"Flan\u015fl\u0131 Kulplu Maskeleme Tapas\u0131"},"content":{"rendered":"<h2>Flan\u015fl\u0131 Kulplu Maskeleme Tapalar\u0131  <\/h2>\n<p>Flan\u015fl\u0131 kulplu maskeleme tapalar\u0131, ergonomik kulp tasar\u0131m\u0131yla kolay uygulama ve \u00e7\u0131karma imk\u00e2n\u0131 sunan, y\u00fcksek s\u0131cakl\u0131\u011fa ve kimyasallara dayan\u0131kl\u0131 maskeleme \u00fcr\u00fcnleridir. T\u00fcm deliklerin hav\u015fas\u0131yla birlikte maskelenmesi i\u00e7in idealdir.<\/p>\n<ul>\n<li>275\u00b0C&#8217;ye ve asidik kimyasallara dayan\u0131kl\u0131d\u0131r, tekrar kullan\u0131labilir.<\/li>\n<li>Kulplu tasar\u0131m\u0131 ile ergonomik uygulama sa\u011flar.<\/li>\n<li>T\u00fcm deliklerin hav\u015fas\u0131yla birlikte maskelenmesi i\u00e7in idealdir.<\/li>\n<li>Elektrostatik toz boya, ya\u015f boya, kataforez ve di\u011fer kaplamalar i\u00e7in uygundur.<\/li>\n<li>\u0130\u015f\u00e7ilik kayb\u0131n\u0131 \u00f6nler, antistatik ve kolay temizlenebilir.<\/li>\n<\/ul>\n<table border=\"1\" cellspacing=\"0\" cellpadding=\"8\">\n<thead>\n<tr>\n<th><span style=\"color:#808080;\">Kod<\/span><\/th>\n<th><span style=\"color:#808080;\">A (mm)<\/span><\/th>\n<th><span style=\"color:#808080;\">B (mm)<\/span><\/th>\n<th><span style=\"color:#808080;\">C (mm)<\/span><\/th>\n<th><span style=\"color:#808080;\">Paket Miktar\u0131<\/span><\/th>\n<\/tr>\n<\/thead>\n<tbody>\n<tr>\n<td>SPY 107<\/td>\n<td>2,69<\/td>\n<td>3,51<\/td>\n<td>5,33<\/td>\n<td>500<\/td>\n<\/tr>\n<tr>\n<td>SPY 141<\/td>\n<td>3,58<\/td>\n<td>4,09<\/td>\n<td>5,84<\/td>\n<td>500<\/td>\n<\/tr>\n<tr>\n<td>SPY 178<\/td>\n<td>4,57<\/td>\n<td>5,26<\/td>\n<td>5,59<\/td>\n<td>500<\/td>\n<\/tr>\n<tr>\n<td>SPY 218L<\/td>\n<td>5,54<\/td>\n<td>6,60<\/td>\n<td>7,09<\/td>\n<td>500<\/td>\n<\/tr>\n<tr>\n<td>SPY 283L<\/td>\n<td>7,19<\/td>\n<td>8,41<\/td>\n<td>7,49<\/td>\n<td>500<\/td>\n<\/tr>\n<tr>\n<td>SPY 336L<\/td>\n<td>8,53<\/td>\n<td>9,78<\/td>\n<td>8,36<\/td>\n<td>500<\/td>\n<\/tr>\n<tr>\n<td>SPY 358L<\/td>\n<td>9,09<\/td>\n<td>10,39<\/td>\n<td>7,01<\/td>\n<td>250<\/td>\n<\/tr>\n<tr>\n<td>SPY 394<\/td>\n<td>9,96<\/td>\n<td>11,18<\/td>\n<td>8,89<\/td>\n<td>250<\/td>\n<\/tr>\n<tr>\n<td>SPY 426<\/td>\n<td>10,82<\/td>\n<td>12,42<\/td>\n<td>8,79<\/td>\n<td>250<\/td>\n<\/tr>\n<tr>\n<td>SPY 451<\/td>\n<td>11,46<\/td>\n<td>12,95<\/td>\n<td>8,89<\/td>\n<td>250<\/td>\n<\/tr>\n<tr>\n<td>SPY 583<\/td>\n<td>14,81<\/td>\n<td>16,61<\/td>\n<td>11,00<\/td>\n<td>100<\/td>\n<\/tr>\n<tr>\n<td>SPY 724<\/td>\n<td>18,39<\/td>\n<td>20,60<\/td>\n<td>13,00<\/td>\n<td>100<\/td>\n<\/tr>\n<tr>\n<td>SPY 896<\/td>\n<td>22,76<\/td>\n<td>24,05<\/td>\n<td>16,00<\/td>\n<td>100<\/td>\n<\/tr>\n<\/tbody>\n<\/table>\n","protected":false},"excerpt":{"rendered":"<p>Ergonomik kulp tasar\u0131m\u0131yla kolay uygulanan flan\u015fl\u0131 maskeleme tapas\u0131. 275\u00b0C&#8217;ye dayan\u0131kl\u0131, tekrar kullan\u0131labilir. Elektrostatik toz boya, ya\u015f boya ve kataforez i\u00e7in uygundur.<\/p>\n","protected":false},"featured_media":40122,"template":"","meta":[],"product_brand":[],"product_cat":[69],"product_tag":[79,82,101,102,100,76],"class_list":{"0":"post-40006","1":"product","2":"type-product","3":"status-publish","4":"has-post-thumbnail","6":"product_cat-maskeleme-tapalari","7":"product_tag-delik-kapatma","8":"product_tag-endustriyel-maskeleme","9":"product_tag-flansli-kulplu-tapa","10":"product_tag-havsa-maskeleme","11":"product_tag-kulplu-tapa","12":"product_tag-silikon-tapa","14":"first","15":"instock","16":"shipping-taxable","17":"product-type-simple"},"_links":{"self":[{"href":"https:\/\/www.ser-plast.com\/index.php?rest_route=\/wp\/v2\/product\/40006","targetHints":{"allow":["GET"]}}],"collection":[{"href":"https:\/\/www.ser-plast.com\/index.php?rest_route=\/wp\/v2\/product"}],"about":[{"href":"https:\/\/www.ser-plast.com\/index.php?rest_route=\/wp\/v2\/types\/product"}],"wp:featuredmedia":[{"embeddable":true,"href":"https:\/\/www.ser-plast.com\/index.php?rest_route=\/wp\/v2\/media\/40122"}],"wp:attachment":[{"href":"https:\/\/www.ser-plast.com\/index.php?rest_route=%2Fwp%2Fv2%2Fmedia&parent=40006"}],"wp:term":[{"taxonomy":"product_brand","embeddable":true,"href":"https:\/\/www.ser-plast.com\/index.php?rest_route=%2Fwp%2Fv2%2Fproduct_brand&post=40006"},{"taxonomy":"product_cat","embeddable":true,"href":"https:\/\/www.ser-plast.com\/index.php?rest_route=%2Fwp%2Fv2%2Fproduct_cat&post=40006"},{"taxonomy":"product_tag","embeddable":true,"href":"https:\/\/www.ser-plast.com\/index.php?rest_route=%2Fwp%2Fv2%2Fproduct_tag&post=40006"}],"curies":[{"name":"wp","href":"https:\/\/api.w.org\/{rel}","templated":true}]}}