{"id":40007,"date":"2026-03-22T14:58:56","date_gmt":"2026-03-22T14:58:56","guid":{"rendered":"https:\/\/www.ser-plast.com\/?post_type=product&#038;p=40007"},"modified":"2026-03-22T23:59:22","modified_gmt":"2026-03-22T20:59:22","slug":"somun-tapasi","status":"publish","type":"product","link":"https:\/\/www.ser-plast.com\/?product=somun-tapasi","title":{"rendered":"Somun Tapas\u0131"},"content":{"rendered":"<h2>Somun Tapalar\u0131 <\/h2>\n<p>Somun tapalar\u0131, c\u0131vata, saplama, boru ve milleri maskelemek i\u00e7in tasarlanm\u0131\u015f, y\u00fcksek s\u0131cakl\u0131\u011fa ve kimyasallara dayan\u0131kl\u0131 maskeleme \u00fcr\u00fcnleridir. Esnek yap\u0131s\u0131 sayesinde farkl\u0131 metrik \u00f6l\u00e7\u00fclere kolayca uyum sa\u011flar.<\/p>\n<ul>\n<li>C\u0131vata, saplama, boru ve milleri maskelemek i\u00e7in kullan\u0131l\u0131r.<\/li>\n<li>275\u00b0C&#8217;ye ve asidik kimyasallara dayan\u0131kl\u0131d\u0131r.<\/li>\n<li>Defalarca kullan\u0131labilir.<\/li>\n<li>Toz boya, ya\u015f boya ve kataforez i\u015flemleri i\u00e7in ekonomik \u00e7\u00f6z\u00fcmd\u00fcr.<\/li>\n<li>Antistatik ve esnek yap\u0131s\u0131yla kolay temizlenir, i\u015f\u00e7ilik kayb\u0131n\u0131 \u00f6nler.<\/li>\n<\/ul>\n<table border=\"1\" cellspacing=\"0\" cellpadding=\"8\">\n<thead>\n<tr>\n<th><span style=\"color:#808080;\">Kod<\/span><\/th>\n<th><span style=\"color:#808080;\">M<\/span><\/th>\n<th><span style=\"color:#808080;\">A (mm)<\/span><\/th>\n<th><span style=\"color:#808080;\">C (mm)<\/span><\/th>\n<th><span style=\"color:#808080;\">Paket Miktar\u0131<\/span><\/th>\n<\/tr>\n<\/thead>\n<tbody>\n<tr>\n<td>SRWT-M4<\/td>\n<td>M4<\/td>\n<td>2,90<\/td>\n<td>11,50<\/td>\n<td>500<\/td>\n<\/tr>\n<tr>\n<td>SRWT-M6<\/td>\n<td>M6<\/td>\n<td>4,70<\/td>\n<td>15,00<\/td>\n<td>500<\/td>\n<\/tr>\n<tr>\n<td>SRWT-M8<\/td>\n<td>M8<\/td>\n<td>6,10<\/td>\n<td>17,00<\/td>\n<td>500<\/td>\n<\/tr>\n<tr>\n<td>SRWT-M10<\/td>\n<td>M10<\/td>\n<td>7,60<\/td>\n<td>18,50<\/td>\n<td>500<\/td>\n<\/tr>\n<tr>\n<td>SRWT-M12<\/td>\n<td>M12<\/td>\n<td>9,20<\/td>\n<td>20,50<\/td>\n<td>250<\/td>\n<\/tr>\n<\/tbody>\n<\/table>\n","protected":false},"excerpt":{"rendered":"<p>C\u0131vata, saplama, boru ve milleri maskeleyen somun tapas\u0131. 275\u00b0C&#8217;ye dayan\u0131kl\u0131, defalarca kullan\u0131labilir. Toz boya, ya\u015f boya ve kataforez i\u015flemleri i\u00e7in uygundur.<\/p>\n","protected":false},"featured_media":40126,"template":"","meta":[],"product_brand":[],"product_cat":[70],"product_tag":[105,89,82,106,104,103],"class_list":{"0":"post-40007","1":"product","2":"type-product","3":"status-publish","4":"has-post-thumbnail","6":"product_cat-maskeleme-sapkalari","7":"product_tag-baglanti-elemani-koruma","8":"product_tag-civata-koruma","9":"product_tag-endustriyel-maskeleme","10":"product_tag-maskeleme-urunu","11":"product_tag-silikon-somun-tapasi","12":"product_tag-somun-tapasi","14":"first","15":"instock","16":"shipping-taxable","17":"product-type-simple"},"_links":{"self":[{"href":"https:\/\/www.ser-plast.com\/index.php?rest_route=\/wp\/v2\/product\/40007","targetHints":{"allow":["GET"]}}],"collection":[{"href":"https:\/\/www.ser-plast.com\/index.php?rest_route=\/wp\/v2\/product"}],"about":[{"href":"https:\/\/www.ser-plast.com\/index.php?rest_route=\/wp\/v2\/types\/product"}],"wp:featuredmedia":[{"embeddable":true,"href":"https:\/\/www.ser-plast.com\/index.php?rest_route=\/wp\/v2\/media\/40126"}],"wp:attachment":[{"href":"https:\/\/www.ser-plast.com\/index.php?rest_route=%2Fwp%2Fv2%2Fmedia&parent=40007"}],"wp:term":[{"taxonomy":"product_brand","embeddable":true,"href":"https:\/\/www.ser-plast.com\/index.php?rest_route=%2Fwp%2Fv2%2Fproduct_brand&post=40007"},{"taxonomy":"product_cat","embeddable":true,"href":"https:\/\/www.ser-plast.com\/index.php?rest_route=%2Fwp%2Fv2%2Fproduct_cat&post=40007"},{"taxonomy":"product_tag","embeddable":true,"href":"https:\/\/www.ser-plast.com\/index.php?rest_route=%2Fwp%2Fv2%2Fproduct_tag&post=40007"}],"curies":[{"name":"wp","href":"https:\/\/api.w.org\/{rel}","templated":true}]}}