{"id":40008,"date":"2026-03-22T14:58:56","date_gmt":"2026-03-22T14:58:56","guid":{"rendered":"https:\/\/www.ser-plast.com\/?post_type=product&#038;p=40008"},"modified":"2026-03-23T00:13:46","modified_gmt":"2026-03-22T21:13:46","slug":"yanmaz-rulo-maskeleme-bandi","status":"publish","type":"product","link":"https:\/\/www.ser-plast.com\/?product=yanmaz-rulo-maskeleme-bandi","title":{"rendered":"Yanmaz Rulo Maskeleme Band\u0131"},"content":{"rendered":"<h2>Yanmaz Rulo Maskeleme Bantlar\u0131<\/h2>\n<p>Boyama esnas\u0131nda maskelenecek alanlarda kullan\u0131lan yanmaz rulo maskeleme bantlar\u0131, 220 derece s\u0131cakl\u0131\u011fa 30 dakika dayan\u0131kl\u0131 yap\u0131s\u0131yla toz boya, ya\u015f boya, kataforez ve kaplama uygulamalar\u0131nda g\u00fcvenle kullan\u0131labilir.<\/p>\n<ul>\n<li>220\u00b0C&#8217;ye 30 dakika dayan\u0131kl\u0131d\u0131r.<\/li>\n<li>Toz boya, ya\u015f boya, kataforez ve kaplama uygulamalar\u0131 i\u00e7in uygundur.<\/li>\n<li>Kimyasallara dayan\u0131kl\u0131d\u0131r.<\/li>\n<li>Uygulama yap\u0131lan y\u00fczeylerde f\u0131r\u0131nlama sonras\u0131nda yap\u0131\u015fkan izi ve leke b\u0131rakmaz.<\/li>\n<li>Rulo olarak sat\u0131lmaktad\u0131r; rulo geni\u015fli\u011fi 1 metredir.<\/li>\n<li>\u0130stenilen geni\u015flikte kesilerek sevk edilir.<\/li>\n<\/ul>\n","protected":false},"excerpt":{"rendered":"<p>220\u00b0C&#8217;ye 30 dakika dayan\u0131kl\u0131 yanmaz maskeleme band\u0131. Toz boya, ya\u015f boya ve kataforez i\u00e7in uygundur. Yap\u0131\u015fkan izi b\u0131rakmaz, istenilen geni\u015flikte kesilir.<\/p>\n","protected":false},"featured_media":40140,"template":"","meta":[],"product_brand":[],"product_cat":[71],"product_tag":[110,112,111,107,108,109],"class_list":{"0":"post-40008","1":"product","2":"type-product","3":"status-publish","4":"has-post-thumbnail","6":"product_cat-maskeleme-bantlari","7":"product_tag-boya-bandi","8":"product_tag-endustriyel-bant","9":"product_tag-kaplama-bandi","10":"product_tag-maskeleme-bandi","11":"product_tag-rulo-maskeleme-bandi","12":"product_tag-yanmaz-bant","14":"first","15":"instock","16":"shipping-taxable","17":"product-type-simple"},"_links":{"self":[{"href":"https:\/\/www.ser-plast.com\/index.php?rest_route=\/wp\/v2\/product\/40008","targetHints":{"allow":["GET"]}}],"collection":[{"href":"https:\/\/www.ser-plast.com\/index.php?rest_route=\/wp\/v2\/product"}],"about":[{"href":"https:\/\/www.ser-plast.com\/index.php?rest_route=\/wp\/v2\/types\/product"}],"wp:featuredmedia":[{"embeddable":true,"href":"https:\/\/www.ser-plast.com\/index.php?rest_route=\/wp\/v2\/media\/40140"}],"wp:attachment":[{"href":"https:\/\/www.ser-plast.com\/index.php?rest_route=%2Fwp%2Fv2%2Fmedia&parent=40008"}],"wp:term":[{"taxonomy":"product_brand","embeddable":true,"href":"https:\/\/www.ser-plast.com\/index.php?rest_route=%2Fwp%2Fv2%2Fproduct_brand&post=40008"},{"taxonomy":"product_cat","embeddable":true,"href":"https:\/\/www.ser-plast.com\/index.php?rest_route=%2Fwp%2Fv2%2Fproduct_cat&post=40008"},{"taxonomy":"product_tag","embeddable":true,"href":"https:\/\/www.ser-plast.com\/index.php?rest_route=%2Fwp%2Fv2%2Fproduct_tag&post=40008"}],"curies":[{"name":"wp","href":"https:\/\/api.w.org\/{rel}","templated":true}]}}