{"id":40009,"date":"2026-03-22T14:58:56","date_gmt":"2026-03-22T14:58:56","guid":{"rendered":"https:\/\/www.ser-plast.com\/?post_type=product&#038;p=40009"},"modified":"2026-03-23T00:19:39","modified_gmt":"2026-03-22T21:19:39","slug":"kapton-bant","status":"publish","type":"product","link":"https:\/\/www.ser-plast.com\/?product=kapton-bant","title":{"rendered":"Kapton Bant"},"content":{"rendered":"<h2>Kapton Bant<\/h2>\n<p>Kapton bant, genellikle y\u00fcksek s\u0131cakl\u0131klara dayanabilen poliimid filmden yap\u0131lm\u0131\u015f bir t\u00fcr bantt\u0131r. Dayan\u0131kl\u0131l\u0131\u011f\u0131, kimyasal direnci ve y\u00fcksek s\u0131cakl\u0131k tolerans\u0131 nedeniyle \u00e7e\u015fitli m\u00fchendislik uygulamalar\u0131nda tercih edilmektedir.<\/p>\n<ul>\n<li>Y\u00fcksek s\u0131cakl\u0131klara dayan\u0131kl\u0131 poliimid film yap\u0131s\u0131.<\/li>\n<li>Elektronik uygulamalar\u0131nda yal\u0131t\u0131m sa\u011flar.<\/li>\n<li>Havac\u0131l\u0131k ve end\u00fcstriyel uygulamalarda kullan\u0131l\u0131r.<\/li>\n<li>Kablo ba\u011flama i\u015flemlerinde tercih edilir.<\/li>\n<li>Termal diren\u00e7 gerektiren alanlarda g\u00fcvenle kullan\u0131labilir.<\/li>\n<li>Y\u00fcksek kimyasal diren\u00e7 ve s\u0131cakl\u0131k tolerans\u0131 sunar.<\/li>\n<\/ul>\n","protected":false},"excerpt":{"rendered":"<p>Y\u00fcksek s\u0131cakl\u0131\u011fa dayan\u0131kl\u0131 poliimid yap\u0131l\u0131 Kapton bant. Elektronik, havac\u0131l\u0131k ve end\u00fcstriyel uygulamalarda yal\u0131t\u0131m, kablo ba\u011flama ve termal diren\u00e7 gerektiren i\u015flemler i\u00e7in uygundur.<\/p>\n","protected":false},"featured_media":40143,"template":"","meta":[],"product_brand":[],"product_cat":[71],"product_tag":[116,112,113,114,117,115],"class_list":{"0":"post-40009","1":"product","2":"type-product","3":"status-publish","4":"has-post-thumbnail","6":"product_cat-maskeleme-bantlari","7":"product_tag-elektronik-bant","8":"product_tag-endustriyel-bant","9":"product_tag-kapton-bant","10":"product_tag-poliimid-bant","11":"product_tag-termal-dayanim","12":"product_tag-yuksek-sicaklik-bandi","14":"first","15":"instock","16":"shipping-taxable","17":"product-type-simple"},"_links":{"self":[{"href":"https:\/\/www.ser-plast.com\/index.php?rest_route=\/wp\/v2\/product\/40009","targetHints":{"allow":["GET"]}}],"collection":[{"href":"https:\/\/www.ser-plast.com\/index.php?rest_route=\/wp\/v2\/product"}],"about":[{"href":"https:\/\/www.ser-plast.com\/index.php?rest_route=\/wp\/v2\/types\/product"}],"wp:featuredmedia":[{"embeddable":true,"href":"https:\/\/www.ser-plast.com\/index.php?rest_route=\/wp\/v2\/media\/40143"}],"wp:attachment":[{"href":"https:\/\/www.ser-plast.com\/index.php?rest_route=%2Fwp%2Fv2%2Fmedia&parent=40009"}],"wp:term":[{"taxonomy":"product_brand","embeddable":true,"href":"https:\/\/www.ser-plast.com\/index.php?rest_route=%2Fwp%2Fv2%2Fproduct_brand&post=40009"},{"taxonomy":"product_cat","embeddable":true,"href":"https:\/\/www.ser-plast.com\/index.php?rest_route=%2Fwp%2Fv2%2Fproduct_cat&post=40009"},{"taxonomy":"product_tag","embeddable":true,"href":"https:\/\/www.ser-plast.com\/index.php?rest_route=%2Fwp%2Fv2%2Fproduct_tag&post=40009"}],"curies":[{"name":"wp","href":"https:\/\/api.w.org\/{rel}","templated":true}]}}