{"id":40010,"date":"2026-03-22T14:58:56","date_gmt":"2026-03-22T14:58:56","guid":{"rendered":"https:\/\/www.ser-plast.com\/?post_type=product&#038;p=40010"},"modified":"2026-03-23T00:28:15","modified_gmt":"2026-03-22T21:28:15","slug":"ozel-kesim-maskeleme-bandi","status":"publish","type":"product","link":"https:\/\/www.ser-plast.com\/?product=ozel-kesim-maskeleme-bandi","title":{"rendered":"\u00d6zel Kesim Maskeleme Band\u0131"},"content":{"rendered":"<h2>\u00d6zel Kesim Maskeleme Bantlar\u0131<\/h2>\n<p>Boyama esnas\u0131nda maskelenecek alanlarda kullan\u0131lan \u00f6zel kesim maskeleme bantlar\u0131, 220 derece s\u0131cakl\u0131\u011fa 30 dakika dayan\u0131kl\u0131 yap\u0131s\u0131yla toz boya, ya\u015f boya, kataforez ve kaplama uygulamalar\u0131nda g\u00fcvenle kullan\u0131labilir.<\/p>\n<p>\u0130stenilen teknik \u00e7izime ve \u015fekle g\u00f6re \u00f6zel kesim yap\u0131labilmektedir. Maskelenecek par\u00e7aya \u00f6zel olarak uygulanan bu bantlar, herhangi bir kal\u0131p i\u015flemi gerektirmez; zaman ve paradan ciddi bi\u00e7imde tasarruf ettirir. Maskelenecek par\u00e7aya kolayl\u0131kla yap\u0131\u015ft\u0131r\u0131l\u0131p s\u00f6k\u00fclebilir.<\/p>\n<ul>\n<li>220\u00b0C&#8217;ye 30 dakika dayan\u0131kl\u0131d\u0131r.<\/li>\n<li>Toz boya, ya\u015f boya, kataforez ve kaplama uygulamalar\u0131 i\u00e7in uygundur.<\/li>\n<li>Kimyasallara dayan\u0131kl\u0131d\u0131r.<\/li>\n<li>F\u0131r\u0131nlama sonras\u0131nda yap\u0131\u015fkan izi ve leke b\u0131rakmaz.<\/li>\n<li>Teknik \u00e7izime ve \u015fekle g\u00f6re \u00f6zel kesim yap\u0131labilir.<\/li>\n<li>Kal\u0131p i\u015flemi gerektirmez, zaman ve maliyet tasarrufu sa\u011flar.<\/li>\n<li>Kolayl\u0131kla yap\u0131\u015ft\u0131r\u0131l\u0131p s\u00f6k\u00fclebilir.<\/li>\n<\/ul>\n","protected":false},"excerpt":{"rendered":"<p>Teknik \u00e7izime g\u00f6re \u00f6zel kesim yap\u0131labilen maskeleme band\u0131. 220\u00b0C&#8217;ye 30 dakika dayan\u0131kl\u0131, yap\u0131\u015fkan izi b\u0131rakmaz, kal\u0131p gerektirmez. Toz boya, ya\u015f boya ve kataforez i\u00e7in uygundur.<\/p>\n","protected":false},"featured_media":40147,"template":"","meta":[],"product_brand":[],"product_cat":[71],"product_tag":[110,112,107,118,119,120],"class_list":{"0":"post-40010","1":"product","2":"type-product","3":"status-publish","4":"has-post-thumbnail","6":"product_cat-maskeleme-bantlari","7":"product_tag-boya-bandi","8":"product_tag-endustriyel-bant","9":"product_tag-maskeleme-bandi","10":"product_tag-ozel-kesim-bant","11":"product_tag-teknik-cizime-gore-bant","12":"product_tag-yuzey-koruma","14":"first","15":"instock","16":"shipping-taxable","17":"product-type-simple"},"_links":{"self":[{"href":"https:\/\/www.ser-plast.com\/index.php?rest_route=\/wp\/v2\/product\/40010","targetHints":{"allow":["GET"]}}],"collection":[{"href":"https:\/\/www.ser-plast.com\/index.php?rest_route=\/wp\/v2\/product"}],"about":[{"href":"https:\/\/www.ser-plast.com\/index.php?rest_route=\/wp\/v2\/types\/product"}],"wp:featuredmedia":[{"embeddable":true,"href":"https:\/\/www.ser-plast.com\/index.php?rest_route=\/wp\/v2\/media\/40147"}],"wp:attachment":[{"href":"https:\/\/www.ser-plast.com\/index.php?rest_route=%2Fwp%2Fv2%2Fmedia&parent=40010"}],"wp:term":[{"taxonomy":"product_brand","embeddable":true,"href":"https:\/\/www.ser-plast.com\/index.php?rest_route=%2Fwp%2Fv2%2Fproduct_brand&post=40010"},{"taxonomy":"product_cat","embeddable":true,"href":"https:\/\/www.ser-plast.com\/index.php?rest_route=%2Fwp%2Fv2%2Fproduct_cat&post=40010"},{"taxonomy":"product_tag","embeddable":true,"href":"https:\/\/www.ser-plast.com\/index.php?rest_route=%2Fwp%2Fv2%2Fproduct_tag&post=40010"}],"curies":[{"name":"wp","href":"https:\/\/api.w.org\/{rel}","templated":true}]}}