{"id":40011,"date":"2026-03-22T14:58:56","date_gmt":"2026-03-22T14:58:56","guid":{"rendered":"https:\/\/www.ser-plast.com\/?post_type=product&#038;p=40011"},"modified":"2026-03-23T00:32:58","modified_gmt":"2026-03-22T21:32:58","slug":"maskeleme-fitili","status":"publish","type":"product","link":"https:\/\/www.ser-plast.com\/?product=maskeleme-fitili","title":{"rendered":"Maskeleme Fitili"},"content":{"rendered":"<h2>Maskeleme Fitilleri<\/h2>\n<p>Boyanmas\u0131 istenmeyen \u00f6zellikle d\u00fcz ve uzun deliklere tak\u0131larak ilgili alan\u0131n boyanmamas\u0131n\u0131 sa\u011flayan maskeleme fitilleri, 250\u00b0C \u0131s\u0131ya dayan\u0131kl\u0131 ve f\u0131r\u0131na girebilen yap\u0131s\u0131yla silikon hammadde ile \u00fcretilmi\u015ftir. Kangal \u015feklinde, metre \u00f6l\u00e7\u00fc cinsinden sat\u0131lmaktad\u0131r.<\/p>\n<ul>\n<li>250\u00b0C&#8217;ye dayan\u0131kl\u0131d\u0131r, f\u0131r\u0131na girebilir.<\/li>\n<li>Silikon hammadde ile \u00fcretilmi\u015ftir.<\/li>\n<li>Kangal \u015feklinde, metre \u00f6l\u00e7\u00fc cinsinden sat\u0131l\u0131r.<\/li>\n<li>Kimyasallara dayan\u0131kl\u0131d\u0131r, peroksit gaz\u0131 al\u0131nd\u0131\u011f\u0131nda s\u0131cakl\u0131k esnas\u0131nda a\u00e7ma ve hava yapmaz.<\/li>\n<li>Toz boya, kataforez, kaplama ve ya\u015f boya uygulamalar\u0131nda kullan\u0131labilir.<\/li>\n<li>\u00dczerinde biriken boyalar rahatl\u0131kla temizlenebilir, esnek bir malzemedir.<\/li>\n<li>\u0130\u015f\u00e7ilik s\u00fcrenizi k\u0131salt\u0131r, olu\u015fabilecek hatalar\u0131 \u00f6nler ve tekrar kullan\u0131labilir.<\/li>\n<li>Farkl\u0131 \u00e7aplar ve boylarda \u00fcr\u00fcn \u00e7e\u015fitlili\u011fi mevcuttur.<\/li>\n<\/ul>\n","protected":false},"excerpt":{"rendered":"<p>250\u00b0C&#8217;ye dayan\u0131kl\u0131, f\u0131r\u0131na girebilen silikon maskeleme fitili. D\u00fcz ve uzun delikler i\u00e7in idealdir. Kangal \u015feklinde metre ile sat\u0131l\u0131r, toz boya, kataforez ve ya\u015f boya uygulamalar\u0131 i\u00e7in uygundur.<\/p>\n","protected":false},"featured_media":40148,"template":"","meta":[],"product_brand":[],"product_cat":[121],"product_tag":[125,124,82,122,126,123],"class_list":{"0":"post-40011","1":"product","2":"type-product","3":"status-publish","4":"has-post-thumbnail","6":"product_cat-silikon-fitil-ve-hortumlar","7":"product_tag-boya-oncesi-koruma","8":"product_tag-delik-maskeleme","9":"product_tag-endustriyel-maskeleme","10":"product_tag-maskeleme-fitili","11":"product_tag-metre-ile-satis","12":"product_tag-silikon-fitil","14":"first","15":"instock","16":"shipping-taxable","17":"product-type-simple"},"_links":{"self":[{"href":"https:\/\/www.ser-plast.com\/index.php?rest_route=\/wp\/v2\/product\/40011","targetHints":{"allow":["GET"]}}],"collection":[{"href":"https:\/\/www.ser-plast.com\/index.php?rest_route=\/wp\/v2\/product"}],"about":[{"href":"https:\/\/www.ser-plast.com\/index.php?rest_route=\/wp\/v2\/types\/product"}],"wp:featuredmedia":[{"embeddable":true,"href":"https:\/\/www.ser-plast.com\/index.php?rest_route=\/wp\/v2\/media\/40148"}],"wp:attachment":[{"href":"https:\/\/www.ser-plast.com\/index.php?rest_route=%2Fwp%2Fv2%2Fmedia&parent=40011"}],"wp:term":[{"taxonomy":"product_brand","embeddable":true,"href":"https:\/\/www.ser-plast.com\/index.php?rest_route=%2Fwp%2Fv2%2Fproduct_brand&post=40011"},{"taxonomy":"product_cat","embeddable":true,"href":"https:\/\/www.ser-plast.com\/index.php?rest_route=%2Fwp%2Fv2%2Fproduct_cat&post=40011"},{"taxonomy":"product_tag","embeddable":true,"href":"https:\/\/www.ser-plast.com\/index.php?rest_route=%2Fwp%2Fv2%2Fproduct_tag&post=40011"}],"curies":[{"name":"wp","href":"https:\/\/api.w.org\/{rel}","templated":true}]}}