{"id":40013,"date":"2026-03-22T14:58:56","date_gmt":"2026-03-22T14:58:56","guid":{"rendered":"https:\/\/www.ser-plast.com\/?post_type=product&#038;p=40013"},"modified":"2026-03-23T00:33:43","modified_gmt":"2026-03-22T21:33:43","slug":"pvc-sapka","status":"publish","type":"product","link":"https:\/\/www.ser-plast.com\/?product=pvc-sapka","title":{"rendered":"PVC \u015eapka"},"content":{"rendered":"<h2>PVC \u015eapkalar<\/h2>\n<p>Koruma ama\u00e7l\u0131 ve ya\u015f boya uygulamalar\u0131nda kullan\u0131lan vinil \u015fapkalar 177\u00b0C s\u0131cakl\u0131\u011fa dayan\u0131kl\u0131d\u0131r. Boya i\u015fleminden sonra s\u00fcrekli f\u0131r\u0131na girip \u00e7\u0131kabilen PVC \u015fapkalar ayn\u0131 zamanda c\u0131vata koruma ve \u00fcr\u00fcnlerin i\u00e7erisine herhangi bir \u015feyin girmesini engellemek i\u00e7in de kullan\u0131lmaktad\u0131r.<\/p>\n<p>Farkl\u0131 \u00e7aplarda, boylarda ve renklerde \u00fcretilen PVC \u015fapkalar esnek bir yap\u0131ya sahiptir ve sa\u011fl\u0131\u011fa hi\u00e7bir zarar\u0131 yoktur. Dald\u0131rma y\u00f6ntemi ile \u00fcretilen PVC \u015fapkalar, maliyet a\u00e7\u0131s\u0131ndan silikon \u015fapkalara g\u00f6re avantajl\u0131d\u0131r.<\/p>\n<h3>PVC \u015eapkalar\u0131n Kullan\u0131m Alanlar\u0131<\/h3>\n<ul>\n<li>\u00c7ok fazla \u0131s\u0131 gerektirmeyen kaplama banyolar\u0131nda ve ya\u015f boyada maskeleme ama\u00e7l\u0131 kullan\u0131labilir.<\/li>\n<li>Mil, demir, \u00e7elik, al\u00fcminyum tellerin u\u00e7lar\u0131n\u0131n korunmas\u0131nda kullan\u0131l\u0131r.<\/li>\n<li>Ankerlerin u\u00e7lar\u0131na tak\u0131l\u0131r ve ilgili b\u00f6lgede bo\u015fluk olu\u015fumu sa\u011flan\u0131r.<\/li>\n<li>Elmas u\u00e7lu tak\u0131mlar ve karb\u00fcr kesici tak\u0131mlar\u0131n u\u00e7lar\u0131n\u0131n zarar g\u00f6rmemesi i\u00e7in kullan\u0131l\u0131r.<\/li>\n<li>Ara\u00e7 sekt\u00f6r\u00fcnde d\u00f6n\u00fc\u015f\u00fcm, enjekt\u00f6r, turbo ya\u011flama ve her t\u00fcrl\u00fc ara\u00e7 hortumlar\u0131n\u0131n toz ve kirden korunmas\u0131 i\u00e7in kullan\u0131l\u0131r.<\/li>\n<li>E\u015fanj\u00f6r, kondens\u00f6r, bak\u0131r so\u011futma borular\u0131 ve al\u00fcminyum borular\u0131n\u0131n u\u00e7lar\u0131na tak\u0131l\u0131r, i\u00e7lerine toz, kir ve s\u0131v\u0131 girmesi engellenir.<\/li>\n<li>Kablolar\u0131n u\u00e7lar\u0131na tak\u0131larak sevk ama\u00e7l\u0131 kullan\u0131l\u0131r.<\/li>\n<li>Elektrik direklerinde bulunan \u00e7akmalara tak\u0131larak paslanma \u00f6nlenir ve koruma sa\u011flan\u0131r.<\/li>\n<\/ul>\n","protected":false},"excerpt":{"rendered":"<p>177\u00b0C&#8217;ye dayan\u0131kl\u0131, esnek vinil yap\u0131l\u0131 PVC \u015fapkalar. Koruma, maskeleme ve ya\u015f boya uygulamalar\u0131 i\u00e7in uygundur. Mil, boru, c\u0131vata, kablo u\u00e7lar\u0131 ve end\u00fcstriyel ekipmanlarda geni\u015f kullan\u0131m alan\u0131 sunar.<\/p>\n","protected":false},"featured_media":40150,"template":"","meta":[],"product_brand":[],"product_cat":[70],"product_tag":[136,132,133,131,135,134],"class_list":{"0":"post-40013","1":"product","2":"type-product","3":"status-publish","4":"has-post-thumbnail","6":"product_cat-maskeleme-sapkalari","7":"product_tag-endustriyel-koruma","8":"product_tag-koruma-sapkasi","9":"product_tag-pvc-koruma-kapagi","10":"product_tag-pvc-sapka","11":"product_tag-uc-koruma","12":"product_tag-yas-boya-koruma","14":"first","15":"instock","16":"shipping-taxable","17":"product-type-simple"},"_links":{"self":[{"href":"https:\/\/www.ser-plast.com\/index.php?rest_route=\/wp\/v2\/product\/40013","targetHints":{"allow":["GET"]}}],"collection":[{"href":"https:\/\/www.ser-plast.com\/index.php?rest_route=\/wp\/v2\/product"}],"about":[{"href":"https:\/\/www.ser-plast.com\/index.php?rest_route=\/wp\/v2\/types\/product"}],"wp:featuredmedia":[{"embeddable":true,"href":"https:\/\/www.ser-plast.com\/index.php?rest_route=\/wp\/v2\/media\/40150"}],"wp:attachment":[{"href":"https:\/\/www.ser-plast.com\/index.php?rest_route=%2Fwp%2Fv2%2Fmedia&parent=40013"}],"wp:term":[{"taxonomy":"product_brand","embeddable":true,"href":"https:\/\/www.ser-plast.com\/index.php?rest_route=%2Fwp%2Fv2%2Fproduct_brand&post=40013"},{"taxonomy":"product_cat","embeddable":true,"href":"https:\/\/www.ser-plast.com\/index.php?rest_route=%2Fwp%2Fv2%2Fproduct_cat&post=40013"},{"taxonomy":"product_tag","embeddable":true,"href":"https:\/\/www.ser-plast.com\/index.php?rest_route=%2Fwp%2Fv2%2Fproduct_tag&post=40013"}],"curies":[{"name":"wp","href":"https:\/\/api.w.org\/{rel}","templated":true}]}}