{"id":40014,"date":"2026-03-22T14:58:56","date_gmt":"2026-03-22T14:58:56","guid":{"rendered":"https:\/\/www.ser-plast.com\/?post_type=product&#038;p=40014"},"modified":"2026-03-23T00:36:38","modified_gmt":"2026-03-22T21:36:38","slug":"sivi-plastisol","status":"publish","type":"product","link":"https:\/\/www.ser-plast.com\/?product=sivi-plastisol","title":{"rendered":"S\u0131v\u0131 Plastisol"},"content":{"rendered":"<h2>S\u0131v\u0131 Plastisol<\/h2>\n<p>Plastisol s\u0131v\u0131 halde boya bi\u00e7iminde sat\u0131\u015f\u0131 yap\u0131lan bir hammaddedir. Metal y\u00fczeylerin \u00fczerine dald\u0131rma y\u00f6ntemi ile esnek bir plastik kaplama yapmak i\u00e7in kullan\u0131l\u0131r. Kaplanacak par\u00e7a f\u0131r\u0131nda \u0131s\u0131t\u0131ld\u0131ktan sonra plastisol kazan\u0131na dald\u0131r\u0131l\u0131r, sonras\u0131nda f\u0131r\u0131nlama yap\u0131larak \u00fcr\u00fcn\u00fcn \u00fczeri kaplanm\u0131\u015f olunur.<\/p>\n<p>Farkl\u0131 renklerde \u00fcretilen plastisol kg olarak sat\u0131lmaktad\u0131r. A\u015f\u0131nmaya ve korozyona kar\u015f\u0131 metalin dayan\u0131kl\u0131l\u0131\u011f\u0131n\u0131 art\u0131rmaktad\u0131r. Plastisol kaplama yap\u0131ld\u0131ktan sonra 177\u00b0C \u0131s\u0131ya da dayan\u0131kl\u0131d\u0131r.<\/p>\n<ul>\n<li>Dald\u0131rma y\u00f6ntemiyle uygulan\u0131r, esnek plastik kaplama sa\u011flar.<\/li>\n<li>Malzeme \u00fczerine \u00f6nceden astar i\u015flemi yap\u0131l\u0131rsa kaplama malzemeye yap\u0131\u015f\u0131r ve \u00e7\u0131kar\u0131lmaz.<\/li>\n<li>Yumu\u015fak y\u00fczey istenen \u00fcr\u00fcnlerde elektri\u011fi iletkenli\u011fini kesmek i\u00e7in kullan\u0131l\u0131r.<\/li>\n<li>El aletleri, tutama\u00e7 kollar\u0131, vana kollar\u0131 gibi par\u00e7alar s\u0131kl\u0131kla plastisolle kaplan\u0131r.<\/li>\n<li>Sivri ve keskin y\u00fczeyleri ortadan kald\u0131r\u0131r, kaymaya da engel olur.<\/li>\n<li>A\u015f\u0131nmaya ve korozyona kar\u015f\u0131 metalin dayan\u0131kl\u0131l\u0131\u011f\u0131n\u0131 art\u0131r\u0131r.<\/li>\n<li>Kaplanacak par\u00e7a mutlaka \u00f6ncesinde kir ve ya\u011fdan ar\u0131nd\u0131r\u0131lmal\u0131d\u0131r.<\/li>\n<li>Farkl\u0131 renklerde \u00fcretilir, kg olarak sat\u0131lmaktad\u0131r.<\/li>\n<li>177\u00b0C \u0131s\u0131ya dayan\u0131kl\u0131d\u0131r.<\/li>\n<\/ul>\n","protected":false},"excerpt":{"rendered":"<p>Dald\u0131rma y\u00f6ntemiyle uygulanan esnek plastik kaplama hammaddesi. A\u015f\u0131nma ve korozyon direnci sa\u011flar, 177\u00b0C&#8217;ye dayan\u0131kl\u0131d\u0131r. El aletleri, tutama\u00e7 ve vana kollar\u0131 i\u00e7in idealdir. Kg olarak sat\u0131l\u0131r.<\/p>\n","protected":false},"featured_media":40154,"template":"","meta":[],"product_brand":[],"product_cat":[73],"product_tag":[139,142,141,140,138,137],"class_list":{"0":"post-40014","1":"product","2":"type-product","3":"status-publish","4":"has-post-thumbnail","6":"product_cat-yardimci-urunler","7":"product_tag-daldirma-kaplama","8":"product_tag-endustriyel-kaplama","9":"product_tag-esnek-kaplama","10":"product_tag-metal-kaplama","11":"product_tag-plastisol-kaplama","12":"product_tag-sivi-plastisol","14":"first","15":"instock","16":"shipping-taxable","17":"product-type-simple"},"_links":{"self":[{"href":"https:\/\/www.ser-plast.com\/index.php?rest_route=\/wp\/v2\/product\/40014","targetHints":{"allow":["GET"]}}],"collection":[{"href":"https:\/\/www.ser-plast.com\/index.php?rest_route=\/wp\/v2\/product"}],"about":[{"href":"https:\/\/www.ser-plast.com\/index.php?rest_route=\/wp\/v2\/types\/product"}],"wp:featuredmedia":[{"embeddable":true,"href":"https:\/\/www.ser-plast.com\/index.php?rest_route=\/wp\/v2\/media\/40154"}],"wp:attachment":[{"href":"https:\/\/www.ser-plast.com\/index.php?rest_route=%2Fwp%2Fv2%2Fmedia&parent=40014"}],"wp:term":[{"taxonomy":"product_brand","embeddable":true,"href":"https:\/\/www.ser-plast.com\/index.php?rest_route=%2Fwp%2Fv2%2Fproduct_brand&post=40014"},{"taxonomy":"product_cat","embeddable":true,"href":"https:\/\/www.ser-plast.com\/index.php?rest_route=%2Fwp%2Fv2%2Fproduct_cat&post=40014"},{"taxonomy":"product_tag","embeddable":true,"href":"https:\/\/www.ser-plast.com\/index.php?rest_route=%2Fwp%2Fv2%2Fproduct_tag&post=40014"}],"curies":[{"name":"wp","href":"https:\/\/api.w.org\/{rel}","templated":true}]}}