{"id":40015,"date":"2026-03-22T14:58:56","date_gmt":"2026-03-22T14:58:56","guid":{"rendered":"https:\/\/www.ser-plast.com\/?post_type=product&#038;p=40015"},"modified":"2026-03-23T00:02:28","modified_gmt":"2026-03-22T21:02:28","slug":"ozel-plastik-enjeksiyon","status":"publish","type":"product","link":"https:\/\/www.ser-plast.com\/?product=ozel-plastik-enjeksiyon","title":{"rendered":"\u00d6zel Plastik Enjeksiyon"},"content":{"rendered":"<h2>\u00d6zel Plastik Enjeksiyon \u00c7al\u0131\u015fmalar\u0131<\/h2>\n<p>Plastik her sekt\u00f6rde yayg\u0131n olarak kullan\u0131lan bir materyaldir. Plastik enjeksiyon; kapal\u0131 bir kal\u0131p i\u00e7ine erime s\u0131cakl\u0131\u011f\u0131na ula\u015fan plasti\u011fin, y\u00fcksek h\u0131zda yolluk giri\u015fi olarak tabir edilen giri\u015ften kal\u0131p g\u00f6z\u00fcne h\u0131zl\u0131 bir bi\u00e7imde enjekte edilmesinden sonra, par\u00e7a boyutu g\u00f6rseli ve tolerans\u0131 kabul edilebilir seviyedeyse, par\u00e7a kal\u0131ptan \u00e7\u0131kma \u0131s\u0131 seviyesine geldi\u011finde imalat a\u015famas\u0131 son bulur.<\/p>\n<p>Plastik tapalar, \u015fapkalar, koruma kapaklar\u0131 ve buna benzer \u00f6zel bir par\u00e7a yapt\u0131rmak istiyorsan\u0131z, mutlaka bizimle ileti\u015fime ge\u00e7ebilirsiniz.<\/p>\n","protected":false},"excerpt":{"rendered":"<p>Plastik tapalar, \u015fapkalar ve koruma kapaklar\u0131 ba\u015fta olmak \u00fczere her t\u00fcrl\u00fc \u00f6zel plastik enjeksiyon par\u00e7a \u00fcretimi i\u00e7in bizimle ileti\u015fime ge\u00e7in.<\/p>\n","protected":false},"featured_media":40132,"template":"","meta":[],"product_brand":[],"product_cat":[73],"product_tag":[148,147,144,143,146,145],"class_list":{"0":"post-40015","1":"product","2":"type-product","3":"status-publish","4":"has-post-thumbnail","6":"product_cat-yardimci-urunler","7":"product_tag-endustriyel-cozum","8":"product_tag-enjeksiyon-kaliplama","9":"product_tag-ozel-uretim","10":"product_tag-plastik-enjeksiyon","11":"product_tag-plastik-sapka-uretimi","12":"product_tag-plastik-tapa-uretimi","14":"first","15":"instock","16":"shipping-taxable","17":"product-type-simple"},"_links":{"self":[{"href":"https:\/\/www.ser-plast.com\/index.php?rest_route=\/wp\/v2\/product\/40015","targetHints":{"allow":["GET"]}}],"collection":[{"href":"https:\/\/www.ser-plast.com\/index.php?rest_route=\/wp\/v2\/product"}],"about":[{"href":"https:\/\/www.ser-plast.com\/index.php?rest_route=\/wp\/v2\/types\/product"}],"wp:featuredmedia":[{"embeddable":true,"href":"https:\/\/www.ser-plast.com\/index.php?rest_route=\/wp\/v2\/media\/40132"}],"wp:attachment":[{"href":"https:\/\/www.ser-plast.com\/index.php?rest_route=%2Fwp%2Fv2%2Fmedia&parent=40015"}],"wp:term":[{"taxonomy":"product_brand","embeddable":true,"href":"https:\/\/www.ser-plast.com\/index.php?rest_route=%2Fwp%2Fv2%2Fproduct_brand&post=40015"},{"taxonomy":"product_cat","embeddable":true,"href":"https:\/\/www.ser-plast.com\/index.php?rest_route=%2Fwp%2Fv2%2Fproduct_cat&post=40015"},{"taxonomy":"product_tag","embeddable":true,"href":"https:\/\/www.ser-plast.com\/index.php?rest_route=%2Fwp%2Fv2%2Fproduct_tag&post=40015"}],"curies":[{"name":"wp","href":"https:\/\/api.w.org\/{rel}","templated":true}]}}