{"id":40016,"date":"2026-03-22T14:58:56","date_gmt":"2026-03-22T14:58:56","guid":{"rendered":"https:\/\/www.ser-plast.com\/?post_type=product&#038;p=40016"},"modified":"2026-03-23T00:06:27","modified_gmt":"2026-03-22T21:06:27","slug":"sicaklik-olcum-etiketi","status":"publish","type":"product","link":"https:\/\/www.ser-plast.com\/?product=sicaklik-olcum-etiketi","title":{"rendered":"S\u0131cakl\u0131k \u00d6l\u00e7\u00fcm Etiketi"},"content":{"rendered":"<h2>S\u0131cakl\u0131k \u00d6l\u00e7\u00fcm Etiketleri<\/h2>\n<p>Bir\u00e7ok \u00fcretim s\u00fcreci ve \u00fcr\u00fcn\u00fcnde, kritik s\u0131cakl\u0131k seviyelerine ula\u015f\u0131lmas\u0131 veya a\u015f\u0131lmamas\u0131 \u00f6nemlidir. Bu parametreler i\u00e7inde kalmak \u00fcretim standartlar\u0131 veya \u00fcr\u00fcn kalitesi i\u00e7in \u00f6nemli olabilir. Reatec s\u0131cakl\u0131k \u00f6l\u00e7\u00fcm etiketleri bu ihtiyac\u0131n kar\u015f\u0131land\u0131\u011f\u0131 yerdir.<\/p>\n<ul>\n<li>F\u0131r\u0131nda kullan\u0131lan mevcut termometrelerin do\u011frulanmas\u0131nda.<\/li>\n<li>Bir f\u0131r\u0131n i\u00e7erisinde bekletilen \u00fcr\u00fcn\u00fcn istenilen s\u0131cakl\u0131\u011fa ula\u015f\u0131p ula\u015fmad\u0131\u011f\u0131n\u0131n kontrol\u00fcnde.<\/li>\n<li>Kritik makine par\u00e7alar\u0131n\u0131n (rulman, yatak, elektrik motorlar\u0131 vb.) s\u0131cakl\u0131klar\u0131n\u0131n takibinde.<\/li>\n<li>S\u0131cakl\u0131k \u00f6l\u00e7\u00fcm etiketleri boya proseslerinde, elektronik sekt\u00f6r\u00fcnde, makine ar\u0131zalar\u0131n\u0131n tespitinde.<\/li>\n<li>H\u0131zl\u0131, kolay kullan\u0131m\u0131 ve hassas \u00f6l\u00e7\u00fcm imk\u00e2n\u0131, \u00b1%1 s\u0131cakl\u0131k hassasiyetinde.<\/li>\n<li>1-3 saniyede s\u0131cakl\u0131k \u00f6l\u00e7\u00fcm\u00fc alma imk\u00e2n\u0131 sa\u011flar.<\/li>\n<li>Herhangi bir yap\u0131\u015ft\u0131r\u0131c\u0131ya ihtiya\u00e7 duymadan yap\u0131\u015ft\u0131r\u0131l\u0131r.<\/li>\n<\/ul>\n","protected":false},"excerpt":{"rendered":"<p>\u00dcretim s\u00fcre\u00e7lerinde kritik s\u0131cakl\u0131k takibi i\u00e7in kullan\u0131lan Reatec s\u0131cakl\u0131k \u00f6l\u00e7\u00fcm etiketleri. \u00b1%1 hassasiyet, 1-3 saniyede \u00f6l\u00e7\u00fcm, yap\u0131\u015ft\u0131r\u0131c\u0131s\u0131z uygulama.<\/p>\n","protected":false},"featured_media":40136,"template":"","meta":[],"product_brand":[],"product_cat":[73],"product_tag":[153,154,152,151,149,150],"class_list":{"0":"post-40016","1":"product","2":"type-product","3":"status-publish","4":"has-post-thumbnail","6":"product_cat-yardimci-urunler","7":"product_tag-boya-prosesi","8":"product_tag-endustriyel-olcum","9":"product_tag-firin-kontrolu","10":"product_tag-proses-takibi","11":"product_tag-sicaklik-etiketi","12":"product_tag-sicaklik-olcum-etiketi","14":"first","15":"instock","16":"shipping-taxable","17":"product-type-simple"},"_links":{"self":[{"href":"https:\/\/www.ser-plast.com\/index.php?rest_route=\/wp\/v2\/product\/40016","targetHints":{"allow":["GET"]}}],"collection":[{"href":"https:\/\/www.ser-plast.com\/index.php?rest_route=\/wp\/v2\/product"}],"about":[{"href":"https:\/\/www.ser-plast.com\/index.php?rest_route=\/wp\/v2\/types\/product"}],"wp:featuredmedia":[{"embeddable":true,"href":"https:\/\/www.ser-plast.com\/index.php?rest_route=\/wp\/v2\/media\/40136"}],"wp:attachment":[{"href":"https:\/\/www.ser-plast.com\/index.php?rest_route=%2Fwp%2Fv2%2Fmedia&parent=40016"}],"wp:term":[{"taxonomy":"product_brand","embeddable":true,"href":"https:\/\/www.ser-plast.com\/index.php?rest_route=%2Fwp%2Fv2%2Fproduct_brand&post=40016"},{"taxonomy":"product_cat","embeddable":true,"href":"https:\/\/www.ser-plast.com\/index.php?rest_route=%2Fwp%2Fv2%2Fproduct_cat&post=40016"},{"taxonomy":"product_tag","embeddable":true,"href":"https:\/\/www.ser-plast.com\/index.php?rest_route=%2Fwp%2Fv2%2Fproduct_tag&post=40016"}],"curies":[{"name":"wp","href":"https:\/\/api.w.org\/{rel}","templated":true}]}}