{"id":40017,"date":"2026-03-22T14:58:56","date_gmt":"2026-03-22T14:58:56","guid":{"rendered":"https:\/\/www.ser-plast.com\/?post_type=product&#038;p=40017"},"modified":"2026-03-23T00:10:39","modified_gmt":"2026-03-22T21:10:39","slug":"test-ekipmanlari","status":"publish","type":"product","link":"https:\/\/www.ser-plast.com\/?product=test-ekipmanlari","title":{"rendered":"Test Ekipmanlar\u0131"},"content":{"rendered":"<h2>Test Ekipmanlar\u0131<\/h2>\n<p>Y\u00fczey i\u015flem ve boya proseslerinde kalite kontrol\u00fc i\u00e7in ihtiya\u00e7 duyulan t\u00fcm test ve \u00f6l\u00e7\u00fcm ekipmanlar\u0131n\u0131 tedarik ediyoruz. A\u015fa\u011f\u0131daki ekipmanlar hakk\u0131nda fiyat teklifi ve teknik bilgi almak i\u00e7in bizimle ileti\u015fime ge\u00e7ebilirsiniz.<\/p>\n<ul>\n<li>Glossmetre 60 Derece Tek A\u00e7\u0131l\u0131<\/li>\n<li>Glossmetre 20-60-85 Derece Tek A\u00e7\u0131l\u0131<\/li>\n<li>Boya Kal\u0131nl\u0131k \u00d6l\u00e7\u00fcm Cihaz\u0131<\/li>\n<li>Cross-Cut Boya Yap\u0131\u015fma Adezyon Test Kiti<\/li>\n<li>Silindirik Mandrel Test Cihaz\u0131<\/li>\n<li>Konik Mandrel Test Cihaz\u0131<\/li>\n<li>Portatif pH Metre<\/li>\n<li>\u0130letkenlik \u00d6l\u00e7er Portatif Tip<\/li>\n<li>Analitik Hassas Terazi<\/li>\n<li>Boya Y\u00fczey Darbe Test Ekipman\u0131<\/li>\n<li>Renk \u00d6l\u00e7\u00fcm Cihaz\u0131<\/li>\n<li>Tuz Korozyon Test Cihaz\u0131<\/li>\n<li>Y\u00fczey Sertlik \u00d6l\u00e7er<\/li>\n<li>P\u00fcr\u00fczs\u00fczl\u00fck \u00d6l\u00e7er<\/li>\n<li>Is\u0131t\u0131c\u0131l\u0131 Manyetik Kar\u0131\u015ft\u0131r\u0131c\u0131<\/li>\n<\/ul>\n","protected":false},"excerpt":{"rendered":"<p>Glossmetre, boya kal\u0131nl\u0131k \u00f6l\u00e7er, adezyon test kiti, pH metre, renk \u00f6l\u00e7\u00fcm cihaz\u0131 ve daha fazlas\u0131. Y\u00fczey i\u015flem prosesleri i\u00e7in t\u00fcm test ekipmanlar\u0131 tek noktadan tedarik.<\/p>\n","protected":false},"featured_media":40138,"template":"","meta":[],"product_brand":[],"product_cat":[73],"product_tag":[157,154,158,156,155,159],"class_list":{"0":"post-40017","1":"product","2":"type-product","3":"status-publish","4":"has-post-thumbnail","6":"product_cat-yardimci-urunler","7":"product_tag-boya-kalinlik-olcer","8":"product_tag-endustriyel-olcum","9":"product_tag-glossmetre","10":"product_tag-kalite-kontrol","11":"product_tag-test-ekipmani","12":"product_tag-yuzey-testi","14":"first","15":"instock","16":"shipping-taxable","17":"product-type-simple"},"_links":{"self":[{"href":"https:\/\/www.ser-plast.com\/index.php?rest_route=\/wp\/v2\/product\/40017","targetHints":{"allow":["GET"]}}],"collection":[{"href":"https:\/\/www.ser-plast.com\/index.php?rest_route=\/wp\/v2\/product"}],"about":[{"href":"https:\/\/www.ser-plast.com\/index.php?rest_route=\/wp\/v2\/types\/product"}],"wp:featuredmedia":[{"embeddable":true,"href":"https:\/\/www.ser-plast.com\/index.php?rest_route=\/wp\/v2\/media\/40138"}],"wp:attachment":[{"href":"https:\/\/www.ser-plast.com\/index.php?rest_route=%2Fwp%2Fv2%2Fmedia&parent=40017"}],"wp:term":[{"taxonomy":"product_brand","embeddable":true,"href":"https:\/\/www.ser-plast.com\/index.php?rest_route=%2Fwp%2Fv2%2Fproduct_brand&post=40017"},{"taxonomy":"product_cat","embeddable":true,"href":"https:\/\/www.ser-plast.com\/index.php?rest_route=%2Fwp%2Fv2%2Fproduct_cat&post=40017"},{"taxonomy":"product_tag","embeddable":true,"href":"https:\/\/www.ser-plast.com\/index.php?rest_route=%2Fwp%2Fv2%2Fproduct_tag&post=40017"}],"curies":[{"name":"wp","href":"https:\/\/api.w.org\/{rel}","templated":true}]}}